{"id":33751,"date":"2025-07-22T14:47:50","date_gmt":"2025-07-22T12:47:50","guid":{"rendered":"https:\/\/www.secartys.org\/?page_id=33751"},"modified":"2025-08-04T14:19:09","modified_gmt":"2025-08-04T12:19:09","slug":"canal-de-denuncias","status":"publish","type":"page","link":"https:\/\/www.secartys.org\/ca\/canal-de-denuncias\/","title":{"rendered":"Canal de denuncias"},"content":{"rendered":"\t\t<div data-elementor-type=\"wp-page\" data-elementor-id=\"33751\" class=\"elementor elementor-33751 elementor-33749\">\n\t\t\t\t\t\t<section class=\"elementor-section elementor-top-section elementor-element elementor-element-c4f1b46 elementor-section-boxed elementor-section-height-default elementor-section-height-default parallax_section_no qode_elementor_container_no\" data-id=\"c4f1b46\" data-element_type=\"section\">\n\t\t\t\t\t\t<div class=\"elementor-container elementor-column-gap-default\">\n\t\t\t\t\t<div class=\"elementor-column elementor-col-100 elementor-top-column elementor-element elementor-element-7b41fdc\" data-id=\"7b41fdc\" data-element_type=\"column\">\n\t\t\t<div class=\"elementor-widget-wrap elementor-element-populated\">\n\t\t\t\t\t\t<div class=\"elementor-element elementor-element-2f73051 elementor-widget elementor-widget-text-editor\" data-id=\"2f73051\" data-element_type=\"widget\" data-widget_type=\"text-editor.default\">\n\t\t\t\t<div class=\"elementor-widget-container\">\n\t\t\t\t\t\t\t\t\t<h1>Canal de denuncias<\/h1>\t\t\t\t\t\t\t\t<\/div>\n\t\t\t\t<\/div>\n\t\t\t\t\t<\/div>\n\t\t<\/div>\n\t\t\t\t\t<\/div>\n\t\t<\/section>\n\t\t\t\t<section class=\"elementor-section elementor-top-section elementor-element elementor-element-d94bd63 elementor-section-boxed elementor-section-height-default elementor-section-height-default parallax_section_no qode_elementor_container_no\" data-id=\"d94bd63\" data-element_type=\"section\">\n\t\t\t\t\t\t<div class=\"elementor-container elementor-column-gap-default\">\n\t\t\t\t\t<div class=\"elementor-column elementor-col-100 elementor-top-column elementor-element elementor-element-6642960\" data-id=\"6642960\" data-element_type=\"column\">\n\t\t\t<div class=\"elementor-widget-wrap elementor-element-populated\">\n\t\t\t\t\t\t<div class=\"elementor-element elementor-element-d055873 elementor-widget elementor-widget-text-editor\" data-id=\"d055873\" data-element_type=\"widget\" data-widget_type=\"text-editor.default\">\n\t\t\t\t<div class=\"elementor-widget-container\">\n\t\t\t\t\t\t\t\t\t<p>Con el fin de instaurar una verdadera <b>cultura \u00e9tica<\/b> y fomentar la <b>pol\u00edtica de tolerancia cero<\/b> hacia actos irregulares, il\u00edcitos, delictivos o contrarios a los principios y valores de la entidad, <b>Secartys,<\/b> dispone de un <b>Canal interno de Denuncias.<\/b><\/p>\n<p><br><\/p>\n<p>Este canal es la<b> v\u00eda preferente para poner en conocimiento de la entidad, incluso de forma an\u00f3nima<\/b>, cualquier conducta contraria a la legalidad, a los principios y valores del C\u00f3digo \u00c9tico o a la normativa interna de la entidad, as\u00ed como cualquier tipo de incumplimiento contractual.<\/p>\n<p><br><\/p>\n<p>As\u00ed, las personas trabajadoras, los socios y socias, los proveedores y colaboradores de la entidad y, en general, cualquier persona f\u00edsica o jur\u00eddica externa podr\u00e1 dirigirse a <b>Secartys <\/b>a trav\u00e9s de los <b>canales de comunicaci\u00f3n<\/b> habilitados al efecto.<\/p>\t\t\t\t\t\t\t\t<\/div>\n\t\t\t\t<\/div>\n\t\t\t\t\t<\/div>\n\t\t<\/div>\n\t\t\t\t\t<\/div>\n\t\t<\/section>\n\t\t\t\t<section class=\"elementor-section elementor-top-section elementor-element elementor-element-7257452 elementor-section-boxed elementor-section-height-default elementor-section-height-default parallax_section_no qode_elementor_container_no\" data-id=\"7257452\" data-element_type=\"section\">\n\t\t\t\t\t\t<div class=\"elementor-container elementor-column-gap-default\">\n\t\t\t\t\t<div class=\"elementor-column elementor-col-100 elementor-top-column elementor-element elementor-element-a5b4874\" data-id=\"a5b4874\" data-element_type=\"column\">\n\t\t\t<div class=\"elementor-widget-wrap elementor-element-populated\">\n\t\t\t\t\t\t<div class=\"elementor-element elementor-element-6862b66 elementor-widget elementor-widget-text-editor\" data-id=\"6862b66\" data-element_type=\"widget\" data-widget_type=\"text-editor.default\">\n\t\t\t\t<div class=\"elementor-widget-container\">\n\t\t\t\t\t\t\t\t\t<ul>\n<li><a href=\"https:\/\/co-resol.com\/\" target=\"_blank\">Aplicaci<u>\u00f3n en l\u00ednia: CO-RESOL<\/u><\/a><\/li>\n<\/ul>\t\t\t\t\t\t\t\t<\/div>\n\t\t\t\t<\/div>\n\t\t\t\t\t<\/div>\n\t\t<\/div>\n\t\t\t\t\t<\/div>\n\t\t<\/section>\n\t\t\t\t<section class=\"elementor-section elementor-top-section elementor-element elementor-element-8e0a345 elementor-section-boxed elementor-section-height-default elementor-section-height-default parallax_section_no qode_elementor_container_no\" data-id=\"8e0a345\" data-element_type=\"section\">\n\t\t\t\t\t\t<div class=\"elementor-container elementor-column-gap-default\">\n\t\t\t\t\t<div class=\"elementor-column elementor-col-100 elementor-top-column elementor-element elementor-element-04502f9\" data-id=\"04502f9\" data-element_type=\"column\">\n\t\t\t<div class=\"elementor-widget-wrap elementor-element-populated\">\n\t\t\t\t\t\t<div class=\"elementor-element elementor-element-9b697e6 elementor-widget elementor-widget-text-editor\" data-id=\"9b697e6\" data-element_type=\"widget\" data-widget_type=\"text-editor.default\">\n\t\t\t\t<div class=\"elementor-widget-container\">\n\t\t\t\t\t\t\t\t\t<p>No obstante lo anterior, la persona interesada podr\u00e1 dirigirse a los <b>canales externos correspondientes<\/b> gestionados por las autoridades independientes de protecci\u00f3n al informante competentes en la materia.<\/p>\t\t\t\t\t\t\t\t<\/div>\n\t\t\t\t<\/div>\n\t\t\t\t\t<\/div>\n\t\t<\/div>\n\t\t\t\t\t<\/div>\n\t\t<\/section>\n\t\t\t\t<section class=\"elementor-section elementor-top-section elementor-element elementor-element-9042902 elementor-section-boxed elementor-section-height-default elementor-section-height-default parallax_section_no qode_elementor_container_no\" data-id=\"9042902\" data-element_type=\"section\" data-settings=\"{&quot;background_background&quot;:&quot;classic&quot;}\">\n\t\t\t\t\t\t<div class=\"elementor-container elementor-column-gap-default\">\n\t\t\t\t\t<div class=\"elementor-column elementor-col-100 elementor-top-column elementor-element elementor-element-a9b30e3\" data-id=\"a9b30e3\" data-element_type=\"column\" data-settings=\"{&quot;background_background&quot;:&quot;classic&quot;}\">\n\t\t\t<div class=\"elementor-widget-wrap elementor-element-populated\">\n\t\t\t\t\t\t<div class=\"elementor-element elementor-element-ca43130 elementor-widget elementor-widget-text-editor\" data-id=\"ca43130\" data-element_type=\"widget\" data-widget_type=\"text-editor.default\">\n\t\t\t\t<div class=\"elementor-widget-container\">\n\t\t\t\t\t\t\t\t\t<p><b>Importante<\/b><\/p><p><br><\/p><p>El <b>Canal interno de Denuncias<\/b> no es el canal adecuado de comunicaci\u00f3n para cuestiones relacionadas con el departamento de atenci\u00f3n al socio, el responsable de protecci\u00f3n de datos, o a nivel interno, con el <b>Departamento de Recursos Humanos<\/b>.<\/p>\t\t\t\t\t\t\t\t<\/div>\n\t\t\t\t<\/div>\n\t\t\t\t\t<\/div>\n\t\t<\/div>\n\t\t\t\t\t<\/div>\n\t\t<\/section>\n\t\t\t\t<section class=\"elementor-section elementor-top-section elementor-element elementor-element-693d631 elementor-section-boxed elementor-section-height-default elementor-section-height-default parallax_section_no qode_elementor_container_no\" data-id=\"693d631\" data-element_type=\"section\">\n\t\t\t\t\t\t<div class=\"elementor-container elementor-column-gap-default\">\n\t\t\t\t\t<div class=\"elementor-column elementor-col-100 elementor-top-column elementor-element elementor-element-a9b75d3\" data-id=\"a9b75d3\" data-element_type=\"column\">\n\t\t\t<div class=\"elementor-widget-wrap elementor-element-populated\">\n\t\t\t\t\t\t<div class=\"elementor-element elementor-element-7dc51f6 elementor-widget elementor-widget-text-editor\" data-id=\"7dc51f6\" data-element_type=\"widget\" data-widget_type=\"text-editor.default\">\n\t\t\t\t<div class=\"elementor-widget-container\">\n\t\t\t\t\t\t\t\t\t<h3>Principios y garant\u00edas<\/h3>\t\t\t\t\t\t\t\t<\/div>\n\t\t\t\t<\/div>\n\t\t\t\t\t<\/div>\n\t\t<\/div>\n\t\t\t\t\t<\/div>\n\t\t<\/section>\n\t\t\t\t<section class=\"elementor-section elementor-top-section elementor-element elementor-element-73ac1d5 elementor-section-boxed elementor-section-height-default elementor-section-height-default parallax_section_no qode_elementor_container_no\" data-id=\"73ac1d5\" data-element_type=\"section\">\n\t\t\t\t\t\t<div class=\"elementor-container elementor-column-gap-default\">\n\t\t\t\t\t<div class=\"elementor-column elementor-col-100 elementor-top-column elementor-element elementor-element-bb1f2d4\" data-id=\"bb1f2d4\" data-element_type=\"column\">\n\t\t\t<div class=\"elementor-widget-wrap elementor-element-populated\">\n\t\t\t\t\t\t<div class=\"elementor-element elementor-element-5082c47 elementor-widget elementor-widget-text-editor\" data-id=\"5082c47\" data-element_type=\"widget\" data-widget_type=\"text-editor.default\">\n\t\t\t\t<div class=\"elementor-widget-container\">\n\t\t\t\t\t\t\t\t\t<p>De conformidad con la <b>normativa interna reguladora del Canal interno de Denuncias<\/b>, este estar\u00e1 gestionado por el <b>Responsable del Sistema Interno de Informaci\u00f3n<\/b>, que con plena autonom\u00eda, independencia y ausencia de conflictos de inter\u00e9s, velar\u00e1 por el buen funcionamiento del Canal aplicando los principios de accesibilidad, buena fe, protecci\u00f3n a la persona denunciante, confidencialidad, objetividad, imparcialidad, transparencia, celeridad y presunci\u00f3n de inocencia.<\/p>\n<p><br><\/p>\n<p>En especial, garantizar\u00e1 el <b>principio de prohibici\u00f3n de represalias<\/b> contra la persona denunciante, que estar\u00e1 protegida ante cualquier tipo de represalia, discriminaci\u00f3n y penalizaci\u00f3n por el hecho de haber llevado a cabo la comunicaci\u00f3n.<\/p>\n<p><br><\/p>\n<p>Asimismo, respetar\u00e1 en todo momento los <b>derechos que asisten a la persona denunciada<\/b> -derecho a la presunci\u00f3n de inocencia, de defensa, a ser escuchada, a acceder al expediente de investigaci\u00f3n y al honor.<\/p>\n<p><br><\/p>\n<p>Por \u00faltimo, establecer\u00e1 las <b>medidas necesarias para garantizar la m\u00e1xima confidencialidad<\/b> y anonimato de la persona denunciante, de la denunciada y, en general, del contenido y tramitaci\u00f3n de la comunicaci\u00f3n.<\/p>\t\t\t\t\t\t\t\t<\/div>\n\t\t\t\t<\/div>\n\t\t\t\t\t<\/div>\n\t\t<\/div>\n\t\t\t\t\t<\/div>\n\t\t<\/section>\n\t\t\t\t<section class=\"elementor-section elementor-top-section elementor-element elementor-element-e296232 elementor-section-boxed elementor-section-height-default elementor-section-height-default parallax_section_no qode_elementor_container_no\" data-id=\"e296232\" data-element_type=\"section\">\n\t\t\t\t\t\t<div class=\"elementor-container elementor-column-gap-default\">\n\t\t\t\t\t<div class=\"elementor-column elementor-col-100 elementor-top-column elementor-element elementor-element-0bae2df\" data-id=\"0bae2df\" data-element_type=\"column\">\n\t\t\t<div class=\"elementor-widget-wrap elementor-element-populated\">\n\t\t\t\t\t\t<div class=\"elementor-element elementor-element-d6d5a79 elementor-widget elementor-widget-text-editor\" data-id=\"d6d5a79\" data-element_type=\"widget\" data-widget_type=\"text-editor.default\">\n\t\t\t\t<div class=\"elementor-widget-container\">\n\t\t\t\t\t\t\t\t\t<h3>Normativa interna reguladora<\/h3>\t\t\t\t\t\t\t\t<\/div>\n\t\t\t\t<\/div>\n\t\t\t\t\t<\/div>\n\t\t<\/div>\n\t\t\t\t\t<\/div>\n\t\t<\/section>\n\t\t\t\t<section class=\"elementor-section elementor-top-section elementor-element elementor-element-d1efe69 elementor-section-boxed elementor-section-height-default elementor-section-height-default parallax_section_no qode_elementor_container_no\" data-id=\"d1efe69\" data-element_type=\"section\">\n\t\t\t\t\t\t<div class=\"elementor-container elementor-column-gap-default\">\n\t\t\t\t\t<div class=\"elementor-column elementor-col-100 elementor-top-column elementor-element elementor-element-e80cd31\" data-id=\"e80cd31\" data-element_type=\"column\">\n\t\t\t<div class=\"elementor-widget-wrap elementor-element-populated\">\n\t\t\t\t\t\t<div class=\"elementor-element elementor-element-61634aa elementor-widget elementor-widget-text-editor\" data-id=\"61634aa\" data-element_type=\"widget\" data-widget_type=\"text-editor.default\">\n\t\t\t\t<div class=\"elementor-widget-container\">\n\t\t\t\t\t\t\t\t\t<p>Para <b>m\u00e1s informaci\u00f3n<\/b>, puedes consultar la <b>normativa interna<\/b> reguladora del Canal interno de Denuncias.<\/p><ul><li><a href=\"https:\/\/www.secartys.org\/wp-content\/uploads\/1.-Politica-de-sistemas-de-informacion.pdf\"><b><u>Pol\u00edtica de sistemas de informaci\u00f3n.<\/u><\/b><\/a><\/li><li><a href=\"https:\/\/www.secartys.org\/wp-content\/uploads\/2.-Reglamento-canal-etico-e-investiones-internas.pdf\"><b><u>Reglamento canal \u00e9tico e investigaciones internas.<\/u><\/b><\/a><\/li><li><a href=\"https:\/\/www.secartys.org\/wp-content\/uploads\/3.-Guia-de-instrucciones-del-canal-telematico-de-denuncias.pdf\"><b><u>Gu\u00eda de instrucciones del canal telem\u00e1tico de denuncias.<\/u><\/b><\/a><\/li><\/ul>\t\t\t\t\t\t\t\t<\/div>\n\t\t\t\t<\/div>\n\t\t\t\t\t<\/div>\n\t\t<\/div>\n\t\t\t\t\t<\/div>\n\t\t<\/section>\n\t\t\t\t<\/div>\n\t\t","protected":false},"excerpt":{"rendered":"<p>Canal de denuncias Con el fin de instaurar una verdadera cultura \u00e9tica y fomentar la pol\u00edtica de tolerancia cero hacia actos irregulares, il\u00edcitos, delictivos o contrarios a los principios y valores de la entidad, Secartys, dispone de un Canal interno de Denuncias. Este canal es&#8230;<\/p>\n","protected":false},"author":1,"featured_media":0,"parent":0,"menu_order":0,"comment_status":"closed","ping_status":"closed","template":"","meta":{"footnotes":""},"class_list":["post-33751","page","type-page","status-publish","hentry"],"yoast_head":"<!-- This site is optimized with the Yoast SEO plugin v26.5 - https:\/\/yoast.com\/wordpress\/plugins\/seo\/ -->\n<title>Canal de denuncias | Secartys<\/title>\n<meta name=\"description\" content=\"Con el fin de instaurar una verdadera cultura \u00e9tica y fomentar la pol\u00edtica de tolerancia cero hacia actos irregulares, il\u00edcitos, delictivos o contrarios a los principios y valores de la entidad, SECARTYS dispone de un Canal interno de Denuncias.\" \/>\n<meta name=\"robots\" content=\"index, follow, max-snippet:-1, max-image-preview:large, max-video-preview:-1\" \/>\n<link rel=\"canonical\" href=\"https:\/\/www.secartys.org\/ca\/canal-de-denuncias\/\" \/>\n<meta property=\"og:locale\" content=\"ca_ES\" \/>\n<meta property=\"og:type\" content=\"article\" \/>\n<meta property=\"og:title\" content=\"Canal de denuncias | Secartys\" \/>\n<meta property=\"og:description\" content=\"Con el fin de instaurar una verdadera cultura \u00e9tica y fomentar la pol\u00edtica de tolerancia cero hacia actos irregulares, il\u00edcitos, delictivos o contrarios a los principios y valores de la entidad, SECARTYS dispone de un Canal interno de Denuncias.\" \/>\n<meta property=\"og:url\" content=\"https:\/\/www.secartys.org\/ca\/canal-de-denuncias\/\" \/>\n<meta property=\"og:site_name\" content=\"Secartys\" \/>\n<meta property=\"article:modified_time\" content=\"2025-08-04T12:19:09+00:00\" \/>\n<meta name=\"twitter:card\" content=\"summary_large_image\" \/>\n<meta name=\"twitter:site\" content=\"@SECARTYS\" \/>\n<meta name=\"twitter:label1\" content=\"Temps estimat de lectura\" \/>\n\t<meta name=\"twitter:data1\" content=\"2 minuts\" \/>\n<script type=\"application\/ld+json\" class=\"yoast-schema-graph\">{\"@context\":\"https:\/\/schema.org\",\"@graph\":[{\"@type\":\"WebPage\",\"@id\":\"https:\/\/www.secartys.org\/ca\/canal-de-denuncias\/\",\"url\":\"https:\/\/www.secartys.org\/ca\/canal-de-denuncias\/\",\"name\":\"Canal de denuncias | Secartys\",\"isPartOf\":{\"@id\":\"https:\/\/www.secartys.org\/es\/#website\"},\"datePublished\":\"2025-07-22T12:47:50+00:00\",\"dateModified\":\"2025-08-04T12:19:09+00:00\",\"description\":\"Con el fin de instaurar una verdadera cultura \u00e9tica y fomentar la pol\u00edtica de tolerancia cero hacia actos irregulares, il\u00edcitos, delictivos o contrarios a los principios y valores de la entidad, SECARTYS dispone de un Canal interno de Denuncias.\",\"breadcrumb\":{\"@id\":\"https:\/\/www.secartys.org\/ca\/canal-de-denuncias\/#breadcrumb\"},\"inLanguage\":\"ca\",\"potentialAction\":[{\"@type\":\"ReadAction\",\"target\":[\"https:\/\/www.secartys.org\/ca\/canal-de-denuncias\/\"]}]},{\"@type\":\"BreadcrumbList\",\"@id\":\"https:\/\/www.secartys.org\/ca\/canal-de-denuncias\/#breadcrumb\",\"itemListElement\":[{\"@type\":\"ListItem\",\"position\":1,\"name\":\"Portada\",\"item\":\"https:\/\/www.secartys.org\/es\/\"},{\"@type\":\"ListItem\",\"position\":2,\"name\":\"Canal de denuncias\"}]},{\"@type\":\"WebSite\",\"@id\":\"https:\/\/www.secartys.org\/es\/#website\",\"url\":\"https:\/\/www.secartys.org\/es\/\",\"name\":\"Secartys\",\"description\":\"Secartys es una agrupaci\u00f3n empresarial sin \u00e1nimo de lucro que dedica sus esfuerzos a fomentar la competitividad de sus asociados.\",\"publisher\":{\"@id\":\"https:\/\/www.secartys.org\/es\/#organization\"},\"potentialAction\":[{\"@type\":\"SearchAction\",\"target\":{\"@type\":\"EntryPoint\",\"urlTemplate\":\"https:\/\/www.secartys.org\/es\/?s={search_term_string}\"},\"query-input\":{\"@type\":\"PropertyValueSpecification\",\"valueRequired\":true,\"valueName\":\"search_term_string\"}}],\"inLanguage\":\"ca\"},{\"@type\":\"Organization\",\"@id\":\"https:\/\/www.secartys.org\/es\/#organization\",\"name\":\"SECARTYS\",\"url\":\"https:\/\/www.secartys.org\/es\/\",\"logo\":{\"@type\":\"ImageObject\",\"inLanguage\":\"ca\",\"@id\":\"https:\/\/www.secartys.org\/es\/#\/schema\/logo\/image\/\",\"url\":\"https:\/\/www.secartys.org\/wp-content\/uploads\/logo-secartys-web-oficial.png\",\"contentUrl\":\"https:\/\/www.secartys.org\/wp-content\/uploads\/logo-secartys-web-oficial.png\",\"width\":400,\"height\":120,\"caption\":\"SECARTYS\"},\"image\":{\"@id\":\"https:\/\/www.secartys.org\/es\/#\/schema\/logo\/image\/\"},\"sameAs\":[\"https:\/\/x.com\/SECARTYS\",\"https:\/\/www.linkedin.com\/company\/secartys\/\",\"https:\/\/www.youtube.com\/user\/secartys\/\"]}]}<\/script>\n<!-- \/ Yoast SEO plugin. -->","yoast_head_json":{"title":"Canal de denuncias | Secartys","description":"Con el fin de instaurar una verdadera cultura \u00e9tica y fomentar la pol\u00edtica de tolerancia cero hacia actos irregulares, il\u00edcitos, delictivos o contrarios a los principios y valores de la entidad, SECARTYS dispone de un Canal interno de Denuncias.","robots":{"index":"index","follow":"follow","max-snippet":"max-snippet:-1","max-image-preview":"max-image-preview:large","max-video-preview":"max-video-preview:-1"},"canonical":"https:\/\/www.secartys.org\/ca\/canal-de-denuncias\/","og_locale":"ca_ES","og_type":"article","og_title":"Canal de denuncias | Secartys","og_description":"Con el fin de instaurar una verdadera cultura \u00e9tica y fomentar la pol\u00edtica de tolerancia cero hacia actos irregulares, il\u00edcitos, delictivos o contrarios a los principios y valores de la entidad, SECARTYS dispone de un Canal interno de Denuncias.","og_url":"https:\/\/www.secartys.org\/ca\/canal-de-denuncias\/","og_site_name":"Secartys","article_modified_time":"2025-08-04T12:19:09+00:00","twitter_card":"summary_large_image","twitter_site":"@SECARTYS","twitter_misc":{"Temps estimat de lectura":"2 minuts"},"schema":{"@context":"https:\/\/schema.org","@graph":[{"@type":"WebPage","@id":"https:\/\/www.secartys.org\/ca\/canal-de-denuncias\/","url":"https:\/\/www.secartys.org\/ca\/canal-de-denuncias\/","name":"Canal de denuncias | Secartys","isPartOf":{"@id":"https:\/\/www.secartys.org\/es\/#website"},"datePublished":"2025-07-22T12:47:50+00:00","dateModified":"2025-08-04T12:19:09+00:00","description":"Con el fin de instaurar una verdadera cultura \u00e9tica y fomentar la pol\u00edtica de tolerancia cero hacia actos irregulares, il\u00edcitos, delictivos o contrarios a los principios y valores de la entidad, SECARTYS dispone de un Canal interno de Denuncias.","breadcrumb":{"@id":"https:\/\/www.secartys.org\/ca\/canal-de-denuncias\/#breadcrumb"},"inLanguage":"ca","potentialAction":[{"@type":"ReadAction","target":["https:\/\/www.secartys.org\/ca\/canal-de-denuncias\/"]}]},{"@type":"BreadcrumbList","@id":"https:\/\/www.secartys.org\/ca\/canal-de-denuncias\/#breadcrumb","itemListElement":[{"@type":"ListItem","position":1,"name":"Portada","item":"https:\/\/www.secartys.org\/es\/"},{"@type":"ListItem","position":2,"name":"Canal de denuncias"}]},{"@type":"WebSite","@id":"https:\/\/www.secartys.org\/es\/#website","url":"https:\/\/www.secartys.org\/es\/","name":"Secartys","description":"Secartys es una agrupaci\u00f3n empresarial sin \u00e1nimo de lucro que dedica sus esfuerzos a fomentar la competitividad de sus asociados.","publisher":{"@id":"https:\/\/www.secartys.org\/es\/#organization"},"potentialAction":[{"@type":"SearchAction","target":{"@type":"EntryPoint","urlTemplate":"https:\/\/www.secartys.org\/es\/?s={search_term_string}"},"query-input":{"@type":"PropertyValueSpecification","valueRequired":true,"valueName":"search_term_string"}}],"inLanguage":"ca"},{"@type":"Organization","@id":"https:\/\/www.secartys.org\/es\/#organization","name":"SECARTYS","url":"https:\/\/www.secartys.org\/es\/","logo":{"@type":"ImageObject","inLanguage":"ca","@id":"https:\/\/www.secartys.org\/es\/#\/schema\/logo\/image\/","url":"https:\/\/www.secartys.org\/wp-content\/uploads\/logo-secartys-web-oficial.png","contentUrl":"https:\/\/www.secartys.org\/wp-content\/uploads\/logo-secartys-web-oficial.png","width":400,"height":120,"caption":"SECARTYS"},"image":{"@id":"https:\/\/www.secartys.org\/es\/#\/schema\/logo\/image\/"},"sameAs":["https:\/\/x.com\/SECARTYS","https:\/\/www.linkedin.com\/company\/secartys\/","https:\/\/www.youtube.com\/user\/secartys\/"]}]}},"_links":{"self":[{"href":"https:\/\/www.secartys.org\/ca\/wp-json\/wp\/v2\/pages\/33751","targetHints":{"allow":["GET"]}}],"collection":[{"href":"https:\/\/www.secartys.org\/ca\/wp-json\/wp\/v2\/pages"}],"about":[{"href":"https:\/\/www.secartys.org\/ca\/wp-json\/wp\/v2\/types\/page"}],"author":[{"embeddable":true,"href":"https:\/\/www.secartys.org\/ca\/wp-json\/wp\/v2\/users\/1"}],"replies":[{"embeddable":true,"href":"https:\/\/www.secartys.org\/ca\/wp-json\/wp\/v2\/comments?post=33751"}],"version-history":[{"count":34,"href":"https:\/\/www.secartys.org\/ca\/wp-json\/wp\/v2\/pages\/33751\/revisions"}],"predecessor-version":[{"id":33869,"href":"https:\/\/www.secartys.org\/ca\/wp-json\/wp\/v2\/pages\/33751\/revisions\/33869"}],"wp:attachment":[{"href":"https:\/\/www.secartys.org\/ca\/wp-json\/wp\/v2\/media?parent=33751"}],"curies":[{"name":"wp","href":"https:\/\/api.w.org\/{rel}","templated":true}]}}